{"id":361,"date":"2023-11-21T09:13:26","date_gmt":"2023-11-21T08:13:26","guid":{"rendered":"https:\/\/jornadasdecooperacioninternacional.es\/politica-de-privacidad\/"},"modified":"2025-09-30T13:20:40","modified_gmt":"2025-09-30T11:20:40","slug":"politica-de-privacitat","status":"publish","type":"page","link":"https:\/\/jornadasdecooperacioninternacional.es\/val\/politica-de-privacitat\/","title":{"rendered":"Pol\u00edtica de Privacitat"},"content":{"rendered":"<section class=\"l-section wpb_row height_small width_full\"><div class=\"l-section-h i-cf\"><div class=\"g-cols vc_row via_grid cols_custom laptops-cols_inherit tablets-cols_inherit mobiles-cols_1 valign_top type_default stacking_default\" style=\"--columns-gap:0rem;--custom-columns:1.5fr 4fr 0.5fr \"><div class=\"wpb_column vc_column_container\"><div class=\"vc_column-inner\"><div class=\"w-separator size_small\"><\/div><section class=\"l-section wpb_row height_auto width_full\"><div class=\"l-section-h i-cf\"><div class=\"g-cols vc_row via_grid cols_1 laptops-cols_inherit tablets-cols_inherit mobiles-cols_1 valign_top type_default stacking_default\" style=\"--columns-gap:0rem;\"><div class=\"wpb_column vc_column_container\"><div class=\"vc_column-inner\"><div class=\"w-image us_custom_187cf879 centrado align_center\"><div class=\"w-image-h\"><img decoding=\"async\" width=\"1024\" height=\"433\" src=\"https:\/\/jornadasdecooperacioninternacional.es\/wp-content\/uploads\/2024\/03\/la-voz-del-silencio.png\" class=\"attachment-full size-full\" alt=\"\" loading=\"lazy\" srcset=\"https:\/\/jornadasdecooperacioninternacional.es\/wp-content\/uploads\/2024\/03\/la-voz-del-silencio.png 1024w, https:\/\/jornadasdecooperacioninternacional.es\/wp-content\/uploads\/2024\/03\/la-voz-del-silencio-300x127.png 300w\" sizes=\"auto, (max-width: 1024px) 100vw, 1024px\" \/><\/div><\/div><div class=\"w-separator hide_on_tablets hide_on_mobiles size_large\"><\/div><div class=\"w-image us_custom_214cff5d centrado hide_on_tablets hide_on_mobiles align_center\"><div class=\"w-image-h\"><img decoding=\"async\" width=\"1024\" height=\"1080\" src=\"https:\/\/jornadasdecooperacioninternacional.es\/wp-content\/uploads\/2024\/03\/mujer-flores.png\" class=\"attachment-full size-full\" alt=\"\" loading=\"lazy\" srcset=\"https:\/\/jornadasdecooperacioninternacional.es\/wp-content\/uploads\/2024\/03\/mujer-flores.png 1024w, https:\/\/jornadasdecooperacioninternacional.es\/wp-content\/uploads\/2024\/03\/mujer-flores-284x300.png 284w, https:\/\/jornadasdecooperacioninternacional.es\/wp-content\/uploads\/2024\/03\/mujer-flores-971x1024.png 971w\" sizes=\"auto, (max-width: 1024px) 100vw, 1024px\" \/><\/div><\/div><div class=\"w-separator hide_on_default hide_on_laptops size_large\"><\/div><\/div><\/div><\/div><\/div><\/section>\n<div class=\"w-separator size_small\"><\/div><\/div><\/div><div class=\"wpb_column vc_column_container us_custom_82e42b09 has_bg_color\"><div class=\"vc_column-inner\"><div class=\"g-cols wpb_row via_grid cols_1 laptops-cols_inherit tablets-cols_inherit mobiles-cols_1 valign_top type_default stacking_default\" style=\"--columns-gap:3rem;\"><div class=\"wpb_column vc_column_container\"><div class=\"vc_column-inner\"><div class=\"wpb_text_column us_custom_6df4bc3a has_text_color\"><div class=\"wpb_wrapper\"><h1>Pol\u00edtica de Privacitat<\/h1>\n<\/div><\/div><div class=\"w-separator size_small\"><\/div><div class=\"wpb_text_column us_custom_6df4bc3a has_text_color\"><div class=\"wpb_wrapper\"><h4>1. INFORMACI\u00d3 PER A L&#8217;USUARI<\/h4>\n<p>L&#8217;Excma. Diputaci\u00f3 Provincial d&#8217;Alacant (d&#8217;ara en avant, Diputaci\u00f3 d&#8217;Alacant) com a Responsable del Tractament, l&#8217;informa que, segons el que es disposa en el Reglament (UE) 2016\/679, de 27 d&#8217;abril, (RGPD) i en la L.O. 3\/2018, de 5 de desembre, de protecci\u00f3 de dades i garantia dels drets digitals (LOPDGDD), tractarem les seues dades tal com reflectim en la present Pol\u00edtica de Privacitat.<\/p>\n<p>En esta Pol\u00edtica de Privacitat descrivim com recollim les seues dades personals i per qu\u00e8 els recollim, qu\u00e8 fem amb ells, amb qui els compartim, com els protegim i les seues opcions quant al tractament de les seues dades personals.<\/p>\n<p>Esta Pol\u00edtica s&#8217;aplica al tractament de les seues dades personals recollits per la Diputaci\u00f3 d&#8217;Alacant per a la prestaci\u00f3 dels seus serveis. Si accepta les mesures d&#8217;esta Pol\u00edtica, accepta que tractem les seues dades personals com es defineix en esta Pol\u00edtica.<\/p>\n<h4>2. DADES DE CONTACTE DEL RESPONSABLE DEL TRACTAMENT.<\/h4>\n<ul>\n<li>Denominaci\u00f3 social: Excma. Diputaci\u00f3 Provincial d&#8217;Alacant.<\/li>\n<li>CIF: P0300000G<\/li>\n<li>Domicili: Avinguda de l&#8217;Estaci\u00f3,6 CP 03005 Alacant. Tel\u00e8fon 965988900<\/li>\n<li>E-mail: registro@diputacionalicante.es<\/li>\n<li>Dades del Delegat de Protecci\u00f3 de Dades: Oficina Provincial de Protecci\u00f3 de Dades (OPPD) de la Diputaci\u00f3 Provincial d&#8217;Alacant, e-mail: oficinapd@diputacionalicante.es. Tel\u00e8fon 965988900<\/li>\n<\/ul>\n<h4>3. PRINCIPIS RECOLLITS<\/h4>\n<p>1. Les dades personals seran:<\/p>\n<p>a) tractats de manera l\u00edcita, lleial i transparent en relaci\u00f3 amb l&#8217;interessat (\u00ablicitud, lleialtat i transpar\u00e8ncia\u00bb);<\/p>\n<p>b) recollits amb finalitats determinats, expl\u00edcits i leg\u00edtims, i no seran tractats ulteriorment de manera incompatible amb aquests fins.<\/p>\n<p>c) adequats, pertinents i limitats al necessari en relaci\u00f3 amb els fins per als quals s\u00f3n tractats (\u00abminimitzaci\u00f3 de dades\u00bb).<\/p>\n<p>d) exactes i, si fora necessari, actualitzats; s&#8217;adoptaran totes les mesures raonables perqu\u00e8 se suprimisquen o rectifiquen sense dilaci\u00f3 les dades personals que siguen inexactes respecte als fins per als quals es tracten (\u00abexactitud).<\/p>\n<p>e) mantinguts de manera que es permeta la identificaci\u00f3 dels interessats durant no m\u00e9s temps del necessari per als fins del tractament de les dades personals. les dades personals podran conservar-se durant per\u00edodes m\u00e9s llargs sempre que es tracten exclusivament amb finalitats d&#8217;arxiu en inter\u00e9s p\u00fablic, fins d&#8217;investigaci\u00f3 cient\u00edfica o hist\u00f2rica o fins estad\u00edstics, de conformitat amb l&#8217;article 89, apartat 1, sense perjudici de l&#8217;aplicaci\u00f3 de les mesures t\u00e8cniques i organitzatives apropiades que imposa el present Reglament a fi de protegir els drets i llibertats de l&#8217;interessat (\u00ablimitaci\u00f3 del termini de conservaci\u00f3\u00bb).<\/p>\n<p>f) tractats de tal manera que es garantisca una seguretat adequada de les dades personals, inclosa la protecci\u00f3 contra el tractament no autoritzat o il\u00b7l\u00edcit i contra la seua p\u00e8rdua, destrucci\u00f3 o mal accidental, mitjan\u00e7ant l&#8217;aplicaci\u00f3 de mesures t\u00e8cniques o organitzatives apropiades (\u00abintegritat i confidencialitat\u00bb).<\/p>\n<h4>4. FINALITAT DEL TRACTAMENT DE LES DADES PERSONALS<\/h4>\n<p>En este II Congr\u00e9s de transpar\u00e8ncia, participaci\u00f3 ciutadana i bon govern, tractem la informaci\u00f3 obtinguda amb la finalitat de poder enviar als interessats (per correu electr\u00f2nic, postal o comunicaci\u00f3 telef\u00f2nica)informaci\u00f3 de car\u00e0cter general que puga ser-los d&#8217;utilitat relacionada amb l&#8217;\u00e0mbit d&#8217;actuaci\u00f3 del present i successius congressos que \u00e9s la reflexi\u00f3, an\u00e0lisi respecte a la implantaci\u00f3 d&#8217;eines i mecanismes capa\u00e7os d&#8217;optimitzar la transpar\u00e8ncia, i en \u00faltima inst\u00e0ncia, generar confian\u00e7a en el ciutad\u00e0 en la seua relaci\u00f3 amb les administracions p\u00fabliques.<\/p>\n<p>Igualment, farem \u00fas de les seues dades personals a l&#8217;efecte de complir amb la seua inscripci\u00f3 en el present congr\u00e9s i prestar-li aquells serveis oferits en el mateix i que han sigut sol\u00b7licitats pels assistents.<\/p>\n<p>Si \u00e9s el cas, finalitats m\u00e9s explicites i concretes poden indicar-se en les cl\u00e0usules informatives incorporades en cadascuna de les vies de presa de dades (formularis web, formularis en paper, locucions, cartells i notes informatives) per a sup\u00f2sits concrets.<\/p>\n<h4>5. TERMINI DE CONSERVACI\u00d3 DE LES SEUES DADES<\/h4>\n<p>Conservarem les seues dades personals des que ens preste el seu consentiment fins a la seua revocaci\u00f3 o b\u00e9 sol\u00b7licite la seua limitaci\u00f3 del tractament. En tals casos, mantindrem les seues dades bloquejades durant els terminis legalment exigits. Sol\u00b7licitada la supressi\u00f3, es mantindran bloquejats durant el temps necessari, i limitant el seu tractament, \u00fanicament per a algun d&#8217;estos sup\u00f2sits, complir amb les obligacions legals\/contractuals\/normativa administrativa al fet que estiguem sotmesos i\/o durant els terminis legals previstos per a la prescripci\u00f3 de qualsevol responsabilitat per part nostra i\/o l&#8217;exercici o la defensa de reclamacions derivades de la relaci\u00f3 mantinguda amb la persona usu\u00e0ria.<\/p>\n<p>En altres casos, el termini de conservaci\u00f3 de les dades dependr\u00e0 de l&#8217;especificat per a cada tractament de dades personals.<\/p>\n<p>De conformitat amb el regulat en l&#8217;article 26 de la LOPD-GDD ser\u00e0 l\u00edcit el tractament per esta Entitat de les dades amb finalitats d&#8217;arxiu en inter\u00e9s p\u00fablic, sempre complint amb la normativa vigent d&#8217;arxius i documentaci\u00f3.<\/p>\n<h4>6. LEGITIMACI\u00d3 I DADES RECAPTADES<\/h4>\n<p>La legitimaci\u00f3 per al tractament de les seues dades \u00e9s el consentiment expr\u00e9s atorgat mitjan\u00e7ant un acte positiu i afirmatiu (emplenar el formulari corresponent i marcar la casella d&#8217;acceptaci\u00f3 d&#8217;esta pol\u00edtica) en el moment de facilitar-nos les seues dades personals.<\/p>\n<p><strong>6.1. Consentiment per a tractar les seues dades<\/strong><\/p>\n<p>En emplenar els formularis, marcar la casella \u201cAccepte la Pol\u00edtica de Privacitat\u201d i fer clic per a enviar les dades, o en remetre correus electr\u00f2nics a la Diputaci\u00f3 Provincial d&#8217;Alacant a trav\u00e9s dels comptes habilitats a aquest efecte, l&#8217;Usuari manifesta haver llegit i acceptat expressament la present pol\u00edtica de privacitat, i atorga el seu consentiment inequ\u00edvoc i expr\u00e9s al tractament de les seues dades personals conforme a les finalitats indicades.<\/p>\n<p><strong>6.2. Categories de dades<\/strong><\/p>\n<p>Les dades que es recapten es refereixen a la categoria de dades identificatives, com poden ser: Nom i Cognoms, DNI, Tel\u00e8fon, Adre\u00e7a Postal, Empresa, Correu electr\u00f2nic, aix\u00ed com l&#8217;adre\u00e7a IP des d&#8217;on accedeix al formulari de recollida de dades.<\/p>\n<h4>7. MESURES DE SEGURETAT<\/h4>\n<p>Dins del nostre comprom\u00eds per garantir la seguretat i confidencialitat de les seues dades de car\u00e0cter personal, l&#8217;informem que s&#8217;han adoptat les mesures d&#8217;\u00edndole t\u00e8cnica i organitzatives necess\u00e0ries per a garantir la seguretat de les dades de car\u00e0cter personal i evitar la seua alteraci\u00f3, p\u00e8rdua, tractament o acc\u00e9s no autoritzat, tenint en compte de l&#8217;estat de la tecnologia, la naturalesa de les dades emmagatzemades i els riscos al fet que estiguen exposats, segons l&#8217;Art. 32 del RGPD EU 679\/2016 i l&#8217;Esquema Nacional de Seguretat (ENS. Reial decret 3\/2010, de 8 de gener, modificat pel Reial decret 951\/2015).<\/p>\n<h4>8. COMUNICACI\u00d3\/CESSI\u00d3 DE DADES PERSONALS<\/h4>\n<p>Les dades poden ser comunicats a empreses relacionades amb la Diputaci\u00f3 Provincial d&#8217;Alacant per a la prestaci\u00f3 dels diversos serveis en qualitat d&#8217;Encarregats del Tractament.<\/p>\n<h4>9. EXERCICI DE DRETS<\/h4>\n<p>Per a exercitar els seus drets en protecci\u00f3 de dades podr\u00e0 formular una sol\u00b7licitud davant qualsevol dels punts de registre d&#8217;entrada de la Diputaci\u00f3 Provincial d&#8217;Alacant, en l\u00ednia a trav\u00e9s de la Seu Electr\u00f2nica d&#8217;este, aix\u00ed com en l&#8217;adre\u00e7a de correu electr\u00f2nic oficinapd@diputacionalicante.es. En l&#8217;escrit haur\u00e0 d&#8217;especificar quin d&#8217;estos drets sol\u00b7licita i, al seu torn, haur\u00e0 de mostrar o, si \u00e9s el cas d&#8217;enviament postal, acompanyar la fotoc\u00f2pia de DNI\/NIF o document identificatiu equivalent. En cas que actuara mitjan\u00e7ant representant, legal o voluntari, haur\u00e0 d&#8217;aportar tamb\u00e9 documente que acredite la representaci\u00f3 i document identificatiu d&#8217;este.<\/p>\n<p>Igualment, en cas de considerar vulnerat el seu dret a la protecci\u00f3 de dades personals, podr\u00e0 interposar una reclamaci\u00f3 davant el nostre Delegat de Protecci\u00f3 de Dades ( oficinapd@diputacionalicante.es) o, si \u00e9s el cas, davant l&#8217;Ag\u00e8ncia Espanyola de Protecci\u00f3 de Dades (www.aepd.es).<\/p>\n<p><strong>Dret d&#8217;acc\u00e9s (Article 13 LOPDGDD)<\/strong><\/p>\n<p>El Dret d&#8217;Acc\u00e9s faculta a l&#8217;afectat per un tractament a obtindre de la responsable informaci\u00f3 sobre els seg\u00fcents extrems conforme al regulat en l&#8217;art. 15.1 del RGPD:<\/p>\n<p>1. Els fins del tractament.<\/p>\n<p>2. Les categories de dades personals de qu\u00e8 es tracte.<\/p>\n<p>3. Els destinataris o les categories de destinataris als quals es van comunicar o seran comunicats les dades personals, en particular destinataris en tercers o organitzacions internacionals.<\/p>\n<p>4. De ser possible, el termini previst de conservaci\u00f3 de les dades personals o, de no ser possible, els criteris utilitzats per a determinar este termini.<\/p>\n<p>5. L&#8217;exist\u00e8ncia del dret a sol\u00b7licitar del responsable la rectificaci\u00f3 o supressi\u00f3 de dades personals o la limitaci\u00f3 del tractament de dades personals relatives a l&#8217;interessat, o a oposar-se a aquest tractament.<\/p>\n<p>6. El dret a presentar una reclamaci\u00f3 davant una autoritat de control.<\/p>\n<p>7. Si les dades personals no s&#8217;han obtingut de l&#8217;interessat, qualsevol informaci\u00f3 disponible sobre el seu origen.<\/p>\n<p>8. L&#8217;exist\u00e8ncia de decisions automatitzades, inclosa l&#8217;elaboraci\u00f3 de perfils i, almenys, en eixos casos, informaci\u00f3 significativa sobre la l\u00f2gica aplicada, aix\u00ed com la import\u00e0ncia i les conseq\u00fc\u00e8ncies previstes d&#8217;aquest tractament per a l&#8217;interessat.<\/p>\n<p><strong>Dret de rectificaci\u00f3 (Article 14 LOPDGDD)<\/strong><\/p>\n<p>En exercir el dret de rectificaci\u00f3 reconegut en l&#8217;article 16 del Reglament (UE) 2016\/679, l&#8217;afectat haur\u00e0 d&#8217;indicar en la seua sol\u00b7licitud a qu\u00e8 dades es refereix i la correcci\u00f3 que haja de realitzar-se. Haur\u00e0 d&#8217;acompanyar, quan calga, la documentaci\u00f3 justificativa de la inexactitud o car\u00e0cter incomplet de les dades objecte de tractament.<\/p>\n<p>Dret de supressi\u00f3 (article 15 LOPDGDD)<\/p>\n<p>El dret de supressi\u00f3 s&#8217;exercir\u00e0 d&#8217;acord amb el que s&#8217;estableix en l&#8217;article 17 del Reglament (UE) 679\/2016. Quan la supressi\u00f3 derive de l&#8217;exercici del dret d&#8217;oposici\u00f3 conformement a l&#8217;article 21.2 del Reglament (UE) 679\/2016, el responsable podr\u00e0 conservar les dades identificatives de l&#8217;afectat necessaris amb la finalitat d&#8217;impedir tractaments futurs per a fins de m\u00e0rqueting directe.<\/p>\n<p><strong>Dret a la limitaci\u00f3 del tractament (article 16 LOPDGDD)<\/strong><\/p>\n<p>El dret a la limitaci\u00f3 del tractament s&#8217;exercir\u00e0 d&#8217;acord amb el que s&#8217;estableix en l&#8217;article 18 del Reglament (UE) 679\/2016. i implica que a petici\u00f3 de l&#8217;interessat una determinada dada no pot tractar-se m\u00e9s que per a la seua conservaci\u00f3 i posterior posada a la disposici\u00f3 de l&#8217;interessat per a l&#8217;exercici d&#8217;un Dret.<\/p>\n<p><strong>Dret d&#8217;oposici\u00f3 (article 18 LOPDGDD)<\/strong><\/p>\n<p>El dret d&#8217;oposici\u00f3, aix\u00ed com els drets relacionats amb les decisions individuals automatitzades, inclosa la realitzaci\u00f3 de perfils, s&#8217;exerciran d&#8217;acord amb el que s&#8217;estableix, respectivament, en els articles 21 i 22 del Reglament (UE) 679\/2016. El dret d&#8217;oposici\u00f3 ve a respondre a l&#8217;exist\u00e8ncia de diferents tractaments que van ser consentits inicialment per l&#8217;usuari, per\u00f2 sobre els quals despr\u00e9s vol limitar l&#8217;\u00e0mbit en el qual desitja que es duguen a terme.<\/p>\n<p><strong>Dret a la portabilitat dels doneu-vos (article 17 LOPDGDD)<\/strong><\/p>\n<p>El dret a la portabilitat de les dades s&#8217;exercir\u00e0 d&#8217;acord amb el que s&#8217;estableix en l&#8217;article 20 del Reglament (UE) 679\/2016. Este dret faculta a l&#8217;usuari a obtindre una c\u00f2pia estructurada de les dades objecte de tractament automatitzat, en un format que permeta la seua lectura i importaci\u00f3 a un altre prove\u00efdor de serveis.<\/p>\n<h4>10. INFORMACI\u00d3 LEGAL<\/h4>\n<p>Els requisits d&#8217;esta Pol\u00edtica complementen, i no reemplacen, qualsevol altre requisit existent sota la llei de protecci\u00f3 de dades aplicable, que ser\u00e0 la que prevalga, en qualsevol cas. Esta Pol\u00edtica est\u00e0 subjecta a revisions peri\u00f2diques i Diputaci\u00f3 Provincial d&#8217;Alacant pot modificar-la en qualsevol moment.<\/p>\n<p>Quan aix\u00f2 oc\u00f3rrega, li avisarem de qualsevol canvi i li demanarem que torne a llegir la versi\u00f3 m\u00e9s recent de la nostra Pol\u00edtica i que confirme la seua acceptaci\u00f3.<\/p>\n<\/div><\/div><\/div><\/div><\/div><\/div><\/div><div class=\"wpb_column vc_column_container\"><div class=\"vc_column-inner\"><\/div><\/div><\/div><\/div><\/section>\n","protected":false},"excerpt":{"rendered":"Pol\u00edtica de Privacitat 1. INFORMACI\u00d3 PER A L&#8217;USUARI L&#8217;Excma. Diputaci\u00f3 Provincial d&#8217;Alacant (d&#8217;ara en avant, Diputaci\u00f3 d&#8217;Alacant) com a Responsable del Tractament, l&#8217;informa que, segons el que es disposa en el Reglament (UE) 2016\/679, de 27 d&#8217;abril, (RGPD) i en la L.O. 3\/2018, de 5 de desembre, de protecci\u00f3 de dades i garantia dels drets...","protected":false},"author":5,"featured_media":0,"parent":0,"menu_order":0,"comment_status":"closed","ping_status":"closed","template":"","meta":{"footnotes":""},"class_list":["post-361","page","type-page","status-publish","hentry"],"_links":{"self":[{"href":"https:\/\/jornadasdecooperacioninternacional.es\/val\/wp-json\/wp\/v2\/pages\/361","targetHints":{"allow":["GET"]}}],"collection":[{"href":"https:\/\/jornadasdecooperacioninternacional.es\/val\/wp-json\/wp\/v2\/pages"}],"about":[{"href":"https:\/\/jornadasdecooperacioninternacional.es\/val\/wp-json\/wp\/v2\/types\/page"}],"author":[{"embeddable":true,"href":"https:\/\/jornadasdecooperacioninternacional.es\/val\/wp-json\/wp\/v2\/users\/5"}],"replies":[{"embeddable":true,"href":"https:\/\/jornadasdecooperacioninternacional.es\/val\/wp-json\/wp\/v2\/comments?post=361"}],"version-history":[{"count":5,"href":"https:\/\/jornadasdecooperacioninternacional.es\/val\/wp-json\/wp\/v2\/pages\/361\/revisions"}],"predecessor-version":[{"id":728,"href":"https:\/\/jornadasdecooperacioninternacional.es\/val\/wp-json\/wp\/v2\/pages\/361\/revisions\/728"}],"wp:attachment":[{"href":"https:\/\/jornadasdecooperacioninternacional.es\/val\/wp-json\/wp\/v2\/media?parent=361"}],"curies":[{"name":"wp","href":"https:\/\/api.w.org\/{rel}","templated":true}]}}