{"id":151,"date":"2023-09-12T10:20:12","date_gmt":"2023-09-12T08:20:12","guid":{"rendered":"https:\/\/jornadasdecooperacioninternacional.es\/programa\/"},"modified":"2025-09-30T13:20:40","modified_gmt":"2025-09-30T11:20:40","slug":"programa","status":"publish","type":"page","link":"https:\/\/jornadasdecooperacioninternacional.es\/val\/programa\/","title":{"rendered":"Programa"},"content":{"rendered":"<section class=\"l-section wpb_row height_small width_full\"><div class=\"l-section-h i-cf\"><div class=\"g-cols vc_row via_grid cols_custom laptops-cols_inherit tablets-cols_inherit mobiles-cols_1 valign_top type_default stacking_default\" style=\"--columns-gap:0rem;--custom-columns:1.5fr 4fr 0.5fr \"><div class=\"wpb_column vc_column_container\"><div class=\"vc_column-inner\"><div class=\"w-separator size_small\"><\/div><section class=\"l-section wpb_row height_auto width_full\"><div class=\"l-section-h i-cf\"><div class=\"g-cols vc_row via_grid cols_1 laptops-cols_inherit tablets-cols_inherit mobiles-cols_1 valign_top type_default stacking_default\" style=\"--columns-gap:0rem;\"><div class=\"wpb_column vc_column_container\"><div class=\"vc_column-inner\"><div class=\"w-image us_custom_187cf879 centrado align_center\"><div class=\"w-image-h\"><img decoding=\"async\" width=\"1024\" height=\"433\" src=\"https:\/\/jornadasdecooperacioninternacional.es\/wp-content\/uploads\/2024\/03\/la-voz-del-silencio.png\" class=\"attachment-full size-full\" alt=\"\" loading=\"lazy\" srcset=\"https:\/\/jornadasdecooperacioninternacional.es\/wp-content\/uploads\/2024\/03\/la-voz-del-silencio.png 1024w, https:\/\/jornadasdecooperacioninternacional.es\/wp-content\/uploads\/2024\/03\/la-voz-del-silencio-300x127.png 300w\" sizes=\"auto, (max-width: 1024px) 100vw, 1024px\" \/><\/div><\/div><div class=\"w-separator hide_on_tablets hide_on_mobiles size_large\"><\/div><div class=\"w-image us_custom_214cff5d centrado hide_on_tablets hide_on_mobiles align_center\"><div class=\"w-image-h\"><img decoding=\"async\" width=\"1024\" height=\"1080\" src=\"https:\/\/jornadasdecooperacioninternacional.es\/wp-content\/uploads\/2024\/03\/mujer-flores.png\" class=\"attachment-full size-full\" alt=\"\" loading=\"lazy\" srcset=\"https:\/\/jornadasdecooperacioninternacional.es\/wp-content\/uploads\/2024\/03\/mujer-flores.png 1024w, https:\/\/jornadasdecooperacioninternacional.es\/wp-content\/uploads\/2024\/03\/mujer-flores-284x300.png 284w, https:\/\/jornadasdecooperacioninternacional.es\/wp-content\/uploads\/2024\/03\/mujer-flores-971x1024.png 971w\" sizes=\"auto, (max-width: 1024px) 100vw, 1024px\" \/><\/div><\/div><div class=\"w-separator hide_on_default hide_on_laptops size_large\"><\/div><\/div><\/div><\/div><\/div><\/section>\n<div class=\"w-separator size_small\"><\/div><\/div><\/div><div class=\"wpb_column vc_column_container us_custom_82e42b09 has_bg_color\"><div class=\"vc_column-inner\"><div class=\"g-cols wpb_row via_grid cols_1 laptops-cols_inherit tablets-cols_inherit mobiles-cols_1 valign_top type_default stacking_default\" style=\"--columns-gap:3rem;\"><div class=\"wpb_column vc_column_container\"><div class=\"vc_column-inner\"><div class=\"wpb_text_column us_custom_6df4bc3a has_text_color\"><div class=\"wpb_wrapper\"><h1>Programa<\/h1>\n<\/div><\/div><div class=\"w-separator size_small\"><\/div><div class=\"wpb_text_column us_custom_6df4bc3a has_text_color\"><div class=\"wpb_wrapper\"><h2>Dia 3 d&#8217;octubre<\/h2>\n<p><strong>08.30 h.<\/strong> Acreditaci\u00f3.<\/p>\n<p><strong>09.30 h.<\/strong> Inauguraci\u00f3 institucional. A c\u00e0rrec de <em><strong>Antonio P\u00e9rez P\u00e9rez<\/strong><\/em>, <em>President de la Diputaci\u00f3 Provincial d&#8217;Alacant<\/em>, i <em><strong>Loreto Serrano Pomares<\/strong><\/em>, <em>Diputada de Benestar Social i Igualtat<\/em>.<\/p>\n<p><strong>09.45 h.<\/strong> Confer\u00e8ncia d&#8217;obertura: <strong>\u201c20 anys de llei integral. Avan\u00e7os i desafiaments actuals\u201d<\/strong>. A c\u00e0rrec de <strong><em>Marisa Soleto \u00c1vila<\/em><\/strong>. <em>Presidenta de Fundaci\u00f3 Dones<\/em><\/p>\n<p><strong>Moderadora: <em>Paloma Jerez Pomares<\/em>.<\/strong> <em>Cap de la Unitat T\u00e8cnica d&#8217;Igualtat i Joventut de la Diputaci\u00f3 d&#8217;Alacant.<\/em><\/p>\n<p><strong>11.15 h.<\/strong> Pausa caf\u00e9<\/p>\n<p><strong>12.00 h.<\/strong> Taula redona: <strong>\u201cLa joventut enfront de la viol\u00e8ncia de g\u00e8nere\u201d.<\/strong><\/p>\n<p>\u2022 <strong>La percepci\u00f3 de la joventut davant la viol\u00e8ncia contra les dones.<br \/>\n<\/strong><strong>Resultats dels \u00faltims estudis.<\/strong> A c\u00e0rrec de <strong><em>Almudena Moreno M\u00ednguez.<\/em><\/strong> C<em>atedr\u00e1tica de sociologia de la Universitat de Valladolid<\/em>.<\/p>\n<p>\u2022 <strong>La influ\u00e8ncia de la pornografia en la normalitzaci\u00f3 o augment de la viol\u00e8ncia sexual. <\/strong>A c\u00e0rrec de <strong><em>M\u00f3nica Alario Esparver<\/em><\/strong>. <em>Investigadora i fil\u00f2sofa espanyola experta en viol\u00e8ncia sexual i pornografia.<\/em><\/p>\n<p>\u2022 <strong>La ciberviolencia de g\u00e8nere. El m\u00f3n en l\u00ednia enfront del off line. <\/strong>A c\u00e0rrec de <strong>M\u00ba Jos\u00e9 Garrido.<\/strong> <em>Cte. de la Gu\u00e0rdia Civil i Doctora en Psicologia<\/em>.<\/p>\n<p><strong>Moderador:<\/strong> <strong><em>Marcos Garcia Vidal<\/em><\/strong>. <em>Membre de la Junta de Govern del Col\u2219legi oficial d&#8217;Educadors i Educadors Socials de la Comunitat Valenciana<\/em>.<\/p>\n<p><strong>13.30 h.<\/strong> Confer\u00e8ncia de tancament:<strong> \u201cEl sistema judicial enfront de la viol\u00e8ncia contra les dones. L&#8217;evoluci\u00f3 d&#8217;estos 20 anys\u201d.<\/strong> A c\u00e0rrec de <em><strong>Lara Esteve Mallent<\/strong><\/em>. <em>Magistrada Primera Inst\u00e0ncia i Instrucci\u00f3. Membre de l&#8217;Associaci\u00f3 de Dones Jutgesses Espanyoles. Experta en viol\u00e8ncia de g\u00e8nere.<\/em><br \/>\n<strong>Moderador: <em>Pablo Cu\u00e9llar Ot\u00f3n<\/em><\/strong>. <em>Professor associat de dret penal de la Universitat d&#8217;Alacant i especialista professional universitari en viol\u00e8ncia de g\u00e8nere.<\/em><\/p>\n<h2>Dia 4 d&#8217;octubre<\/h2>\n<p><strong>10.00 h.<\/strong> Sessions de treball simult\u00e0nies:<\/p>\n<p><strong>Sessi\u00f3 1: Viol\u00e8ncia econ\u00f2mica.<\/strong> A c\u00e0rrec de <em><strong>\u00c1ngeles Tribaldos Rubio<\/strong><\/em>. <em>Psic\u00f2loga jur\u00eddica-forense al Servici d&#8217;Intervenci\u00f3 en Psicologia Forense (S.I.P.F) del Col\u00b7legi Oficial de Psic\u00f2legs d&#8217;Alacant.<br \/>\n<strong>Moderadora: <\/strong><strong>Concepci\u00f3n S\u00e1nchez Beltr\u00e1n.<\/strong> Vicedegana. 2 del Col\u2219legi oficial de Psic\u00f2legs de la Comunitat Valenciana.<br \/>\n<\/em><\/p>\n<p><strong>Sessi\u00f3 2: Dones v\u00edctimes amb problemes de salut mental i addiccions.<\/strong> A c\u00e0rrec de <em><strong>Mar\u00eda Tebar Rubio Manzanares.<\/strong><\/em> <em>Coordinadora del Centre de la xarxa de protecci\u00f3 de dones v\u00edctimes de viol\u00e8ncia de g\u00e8nere amb especial vulnerabilitat.<br \/>\n<\/em><strong>Moderadora: <em>Margarita \u00c1lvarez Collado<\/em><\/strong>. <em>Cap de la secci\u00f3 de Dona i Igualtat de la Conselleria d&#8217;Igualtat i Rosario Mart\u00ednez Quintero, Coordinadora dels Centres Dona de la D.T.<\/em><\/p>\n<p><strong>Sessi\u00f3 3: Els recursos de protecci\u00f3 a les v\u00edctimes. L&#8217;Oficina de den\u00fancies viol\u00e8ncia de g\u00e8nere.<\/strong> A c\u00e0rrec de <strong><em>Ver\u00f3nica G\u00f3mez Huerga. <\/em><\/strong><em>Coordinadora de l&#8217;Oficina de den\u00fancies i Assist\u00e8ncia a v\u00edctimes de viol\u00e8ncia de g\u00e8nere a Alacant.<br \/>\n<\/em><strong>Moderadora:<\/strong> <em><strong>Catalina Alc\u00e1zar Soto.<\/strong><\/em><\/p>\n<p><strong>Sessi\u00f3 4: Mecanismes de coordinaci\u00f3 enfront del tr\u00e0fic de dones amb finalitats d&#8217;explotaci\u00f3 sexual. L&#8217;experi\u00e8ncia de la Mesa Alacant Tr\u00e0fic 0.<\/strong> A c\u00e0rrec de <strong><em>Gemma Martinez S\u00e1nchez.<\/em><\/strong> <em>Educadora Social del Programa Alba Alacant, gestionat per Oblates i representant de la Mesa Alacant Tr\u00e0fic 0.<br \/>\n<\/em><strong>Moderadora: <em>Maite L\u00f3pez Baeza.<\/em><\/strong> <em>Presidenta del Col\u00b7legi Oficial de Treball Social d&#8217;Alacant.<\/em><\/p>\n<p><strong>Sessi\u00f3 5: Els protocols de detecci\u00f3 en l&#8217;\u00e0mbit sanitari.<\/strong> A c\u00e0rrec de <strong><em>Asunci\u00f3n M\u00ednguez Cebri\u00e1n<\/em><\/strong>. <em>M\u00e8dic d&#8217;Urg\u00e8ncies Hospital Universitari Sant Joan d&#8217;Alacant. Membre Comissi\u00f3 Viol\u00e8ncia de G\u00e8nere del Departament de Sant Joan.<br \/>\n<\/em><strong>Moderadora: <em>Elena D\u00edaz Fern\u00e1ndez<\/em><\/strong>. <em>Vocal de Metges d&#8217;Urg\u00e8ncies del Col\u00b7legi de Metges d&#8217;Alacant. Cap de Secci\u00f3 d&#8217;Urg\u00e8ncies de l&#8217;Hospital Universitari de Sant Joan d&#8217;Alacant.<\/em><\/p>\n<p><strong>Sessi\u00f3 6: La mutilaci\u00f3 genital femenina i la seua detecci\u00f3 des de l&#8217;atenci\u00f3 prim\u00e0ria.<\/strong> A c\u00e0rrec de <em><strong>Palmira Mu\u00f1oz Mu\u00f1oz<\/strong><\/em>. <em>Responsable de la Unitat d&#8217;Igualtat de la conselleria de Sanitat Universal i Salut P\u00fablica.<br \/>\n<\/em><strong>Moderadora:<em> Montserrat Angulo Perea<\/em><\/strong>. <em>Presidenta del Col\u00b7legi d&#8217;Infermeria.<\/em><\/p>\n<p><strong>11.30 h.<\/strong> Pausa caf\u00e9.<\/p>\n<p><strong>12.00 h.<\/strong> Taula redona de tancament: <strong>\u201cLa viol\u00e8ncia vic\u00e0ria, l&#8217;expressi\u00f3 m\u00e9s cruel de la viol\u00e8ncia de g\u00e8nere\u201d<\/strong>. A c\u00e0rrec de <em><strong>Cruz Torrijos Garc\u00eda<\/strong><\/em>. <em>Psic\u00f2loga especialitzada en viol\u00e8ncia contra la dona, inf\u00e0ncia i adolesc\u00e8ncia i <strong>Carmelo Hern\u00e1ndez<\/strong>, professor de Psicologia de la Salut de la Universitat d&#8217;Alacant.<\/em><br \/>\n<strong>Moderadora: <em>Purificaci\u00f3 Heras Gonz\u00e1lez<\/em><\/strong>. <em>UMH<\/em>.<\/p>\n<p><strong>13.15 h.<\/strong> Conclusions i tancament.<\/p>\n<p><strong>13.30 h.<\/strong> Tancament sorprenentment m\u00e0gic.<\/p>\n<\/div><\/div><\/div><\/div><\/div><\/div><\/div><div class=\"wpb_column vc_column_container\"><div class=\"vc_column-inner\"><\/div><\/div><\/div><\/div><\/section>\n","protected":false},"excerpt":{"rendered":"Programa Dia 3 d&#8217;octubre 08.30 h. Acreditaci\u00f3. 09.30 h. Inauguraci\u00f3 institucional. A c\u00e0rrec de Antonio P\u00e9rez P\u00e9rez, President de la Diputaci\u00f3 Provincial d&#8217;Alacant, i Loreto Serrano Pomares, Diputada de Benestar Social i Igualtat. 09.45 h. Confer\u00e8ncia d&#8217;obertura: \u201c20 anys de llei integral. Avan\u00e7os i desafiaments actuals\u201d. A c\u00e0rrec de Marisa Soleto \u00c1vila. Presidenta de Fundaci\u00f3...","protected":false},"author":5,"featured_media":892,"parent":0,"menu_order":0,"comment_status":"closed","ping_status":"closed","template":"","meta":{"footnotes":""},"class_list":["post-151","page","type-page","status-publish","has-post-thumbnail","hentry"],"_links":{"self":[{"href":"https:\/\/jornadasdecooperacioninternacional.es\/val\/wp-json\/wp\/v2\/pages\/151","targetHints":{"allow":["GET"]}}],"collection":[{"href":"https:\/\/jornadasdecooperacioninternacional.es\/val\/wp-json\/wp\/v2\/pages"}],"about":[{"href":"https:\/\/jornadasdecooperacioninternacional.es\/val\/wp-json\/wp\/v2\/types\/page"}],"author":[{"embeddable":true,"href":"https:\/\/jornadasdecooperacioninternacional.es\/val\/wp-json\/wp\/v2\/users\/5"}],"replies":[{"embeddable":true,"href":"https:\/\/jornadasdecooperacioninternacional.es\/val\/wp-json\/wp\/v2\/comments?post=151"}],"version-history":[{"count":11,"href":"https:\/\/jornadasdecooperacioninternacional.es\/val\/wp-json\/wp\/v2\/pages\/151\/revisions"}],"predecessor-version":[{"id":853,"href":"https:\/\/jornadasdecooperacioninternacional.es\/val\/wp-json\/wp\/v2\/pages\/151\/revisions\/853"}],"wp:featuredmedia":[{"embeddable":true,"href":"https:\/\/jornadasdecooperacioninternacional.es\/val\/wp-json\/wp\/v2\/media\/892"}],"wp:attachment":[{"href":"https:\/\/jornadasdecooperacioninternacional.es\/val\/wp-json\/wp\/v2\/media?parent=151"}],"curies":[{"name":"wp","href":"https:\/\/api.w.org\/{rel}","templated":true}]}}