{"id":143,"date":"2023-09-12T09:37:58","date_gmt":"2023-09-12T07:37:58","guid":{"rendered":"https:\/\/jornadasdecooperacioninternacional.es\/inicio\/"},"modified":"2025-09-30T13:20:39","modified_gmt":"2025-09-30T11:20:39","slug":"inicio","status":"publish","type":"page","link":"https:\/\/jornadasdecooperacioninternacional.es\/val\/","title":{"rendered":"Inicio"},"content":{"rendered":"<section class=\"l-section wpb_row height_small width_full\"><div class=\"l-section-h i-cf\"><div class=\"g-cols vc_row via_grid cols_custom laptops-cols_inherit tablets-cols_inherit mobiles-cols_1 valign_top type_default stacking_default\" style=\"--columns-gap:0rem;--custom-columns:1.5fr 4fr 0.5fr \"><div class=\"wpb_column vc_column_container\"><div class=\"vc_column-inner\"><div class=\"w-separator size_small\"><\/div><section class=\"l-section wpb_row height_auto width_full\"><div class=\"l-section-h i-cf\"><div class=\"g-cols vc_row via_grid cols_1 laptops-cols_inherit tablets-cols_inherit mobiles-cols_1 valign_top type_default stacking_default\" style=\"--columns-gap:0rem;\"><div class=\"wpb_column vc_column_container\"><div class=\"vc_column-inner\"><div class=\"w-image us_custom_187cf879 centrado align_center\"><div class=\"w-image-h\"><img decoding=\"async\" width=\"1024\" height=\"433\" src=\"https:\/\/jornadasdecooperacioninternacional.es\/wp-content\/uploads\/2024\/03\/la-voz-del-silencio.png\" class=\"attachment-full size-full\" alt=\"\" loading=\"lazy\" srcset=\"https:\/\/jornadasdecooperacioninternacional.es\/wp-content\/uploads\/2024\/03\/la-voz-del-silencio.png 1024w, https:\/\/jornadasdecooperacioninternacional.es\/wp-content\/uploads\/2024\/03\/la-voz-del-silencio-300x127.png 300w\" sizes=\"auto, (max-width: 1024px) 100vw, 1024px\" \/><\/div><\/div><div class=\"w-separator hide_on_tablets hide_on_mobiles size_large\"><\/div><div class=\"w-image us_custom_214cff5d centrado hide_on_tablets hide_on_mobiles align_center\"><div class=\"w-image-h\"><img decoding=\"async\" width=\"1024\" height=\"1080\" src=\"https:\/\/jornadasdecooperacioninternacional.es\/wp-content\/uploads\/2024\/03\/mujer-flores.png\" class=\"attachment-full size-full\" alt=\"\" loading=\"lazy\" srcset=\"https:\/\/jornadasdecooperacioninternacional.es\/wp-content\/uploads\/2024\/03\/mujer-flores.png 1024w, https:\/\/jornadasdecooperacioninternacional.es\/wp-content\/uploads\/2024\/03\/mujer-flores-284x300.png 284w, https:\/\/jornadasdecooperacioninternacional.es\/wp-content\/uploads\/2024\/03\/mujer-flores-971x1024.png 971w\" sizes=\"auto, (max-width: 1024px) 100vw, 1024px\" \/><\/div><\/div><div class=\"w-separator hide_on_default hide_on_laptops size_large\"><\/div><\/div><\/div><\/div><\/div><\/section>\n<div class=\"w-separator size_small\"><\/div><\/div><\/div><div class=\"wpb_column vc_column_container us_custom_82e42b09 has_bg_color\"><div class=\"vc_column-inner\"><div class=\"g-cols wpb_row via_grid cols_1 laptops-cols_inherit tablets-cols_inherit mobiles-cols_1 valign_top type_default stacking_default\" style=\"--columns-gap:3rem;\"><div class=\"wpb_column vc_column_container\"><div class=\"vc_column-inner\"><div class=\"wpb_text_column us_custom_6df4bc3a has_text_color\"><div class=\"wpb_wrapper\"><h1>Presentaci\u00f3<\/h1>\n<\/div><\/div><div class=\"w-separator size_small\"><\/div><div class=\"wpb_text_column us_custom_6df4bc3a has_text_color\"><div class=\"wpb_wrapper\"><p>Un any m\u00e9s, des de la Diputaci\u00f3 d&#8217;Alacant tornem amb la 20\u00e9 edici\u00f3 del Congr\u00e9s sobre la Viol\u00e8ncia contra la Dona que enguany, tindr\u00e0 lloc durant els dies 3 i 4 d&#8217;octubre de 2024 en les instal\u00b7lacions de l&#8217;Auditori de la Diputaci\u00f3 d&#8217;Alacant (*ADDA).<\/p>\n<p>Un congr\u00e9s que, com sempre, tracta d&#8217;abordar, des d&#8217;una \u00f2ptica multidisciplin\u00e0ria diferents q\u00fcestions que se susciten entorn de la prevenci\u00f3 i als processos d&#8217;intervenci\u00f3 en viol\u00e8ncia de g\u00e8nere i que, sota l&#8217;esl\u00f2gan \u201cLa Veu del Silenci\u201d, pret\u00e9n servir d&#8217;invitaci\u00f3 a participar activament contra les viol\u00e8ncies masclistes.<\/p>\n<p>Sota el marc paraigua dels 20 anys de la L.O. 1\/2004, de 28 de desembre, de mesures de protecci\u00f3 integral contra la viol\u00e8ncia de g\u00e8nere, i amb la participaci\u00f3 del Comit\u00e9 Cient\u00edfic compost per professionals de diversos \u00e0mbits, el programa tem\u00e0tic d&#8217;enguany abordar\u00e0 diversitat de q\u00fcestions que tractaran d&#8217;acostar-nos a la realitat multidimensional de les viol\u00e8ncies contra les dones, al mateix temps que oferir experi\u00e8ncies i bones pr\u00e0ctiques que contribu\u00efsquen a una millora dels servicis i recursos existents. Un f\u00f2rum eminentment t\u00e8cnic i dirigit, principalment, al personal que treballa dins de les diferents administracions p\u00fabliques i entitats professionals en el camp de la prevenci\u00f3 i la intervenci\u00f3.<\/p>\n<p>El congr\u00e9s continuar\u00e0 comptant amb la retransmissi\u00f3 via *streaming per als qui no puguen assistir al mateix i, per descomptat, continuarem amb l&#8217;espai de comunicacions en format p\u00f2ster per a aquelles persones que vulguen donar a con\u00e9ixer els diversos treballs, projectes i investigacions que estan desenvolupant des de les seues diferents entitats i institucions.<\/p>\n<p>Moltes gr\u00e0cies per mantindre el vostre inter\u00e9s un any m\u00e9s. \u00c9s important\u00edssim que continuem treballant conjuntament amb la finalitat d&#8217;avan\u00e7ar en l&#8217;erradicaci\u00f3 de les viol\u00e8ncies masclistes i al seu torn contribuir, amb la vostra activa participaci\u00f3, a millorar els processos existents i incentivar el debat, la reflexi\u00f3 i l&#8217;intercanvi d&#8217;experi\u00e8ncies.<\/p>\n<p>Us esperem! <\/p>\n<\/div><\/div><\/div><\/div><\/div><\/div><\/div><div class=\"wpb_column vc_column_container\"><div class=\"vc_column-inner\"><\/div><\/div><\/div><\/div><\/section>\n","protected":false},"excerpt":{"rendered":"Presentaci\u00f3 Un any m\u00e9s, des de la Diputaci\u00f3 d&#8217;Alacant tornem amb la 20\u00e9 edici\u00f3 del Congr\u00e9s sobre la Viol\u00e8ncia contra la Dona que enguany, tindr\u00e0 lloc durant els dies 3 i 4 d&#8217;octubre de 2024 en les instal\u00b7lacions de l&#8217;Auditori de la Diputaci\u00f3 d&#8217;Alacant (*ADDA). Un congr\u00e9s que, com sempre, tracta d&#8217;abordar, des d&#8217;una \u00f2ptica...","protected":false},"author":5,"featured_media":641,"parent":0,"menu_order":0,"comment_status":"closed","ping_status":"closed","template":"","meta":{"footnotes":""},"class_list":["post-143","page","type-page","status-publish","has-post-thumbnail","hentry"],"_links":{"self":[{"href":"https:\/\/jornadasdecooperacioninternacional.es\/val\/wp-json\/wp\/v2\/pages\/143","targetHints":{"allow":["GET"]}}],"collection":[{"href":"https:\/\/jornadasdecooperacioninternacional.es\/val\/wp-json\/wp\/v2\/pages"}],"about":[{"href":"https:\/\/jornadasdecooperacioninternacional.es\/val\/wp-json\/wp\/v2\/types\/page"}],"author":[{"embeddable":true,"href":"https:\/\/jornadasdecooperacioninternacional.es\/val\/wp-json\/wp\/v2\/users\/5"}],"replies":[{"embeddable":true,"href":"https:\/\/jornadasdecooperacioninternacional.es\/val\/wp-json\/wp\/v2\/comments?post=143"}],"version-history":[{"count":10,"href":"https:\/\/jornadasdecooperacioninternacional.es\/val\/wp-json\/wp\/v2\/pages\/143\/revisions"}],"predecessor-version":[{"id":676,"href":"https:\/\/jornadasdecooperacioninternacional.es\/val\/wp-json\/wp\/v2\/pages\/143\/revisions\/676"}],"wp:featuredmedia":[{"embeddable":true,"href":"https:\/\/jornadasdecooperacioninternacional.es\/val\/wp-json\/wp\/v2\/media\/641"}],"wp:attachment":[{"href":"https:\/\/jornadasdecooperacioninternacional.es\/val\/wp-json\/wp\/v2\/media?parent=143"}],"curies":[{"name":"wp","href":"https:\/\/api.w.org\/{rel}","templated":true}]}}